{"id":27,"date":"2018-08-30T20:15:12","date_gmt":"2018-08-30T18:15:12","guid":{"rendered":"https:\/\/www.harpemosane.be\/la-journee-de-la-harpe\/?page_id=27"},"modified":"2025-03-29T20:55:03","modified_gmt":"2025-03-29T19:55:03","slug":"harpspringdays","status":"publish","type":"page","link":"https:\/\/www.harpemosane.be\/harpspringdays\/","title":{"rendered":"Harp Spring Days"},"content":{"rendered":"\n<h2 class=\"wp-block-heading\">Harp Spring Days 2024 est fini ! Place aux souvenirs.<\/h2>\n\n\n\n<figure class=\"wp-block-image size-full\"><a href=\"https:\/\/www.harpemosane.be\/harpspringdays\/wp-content\/uploads\/2024\/05\/2024_04_28_MJH_4250.jpg\"><img loading=\"lazy\" decoding=\"async\" width=\"1920\" height=\"1279\" src=\"https:\/\/www.harpemosane.be\/harpspringdays\/wp-content\/uploads\/2024\/05\/2024_04_28_MJH_4250.jpg\" alt=\"HarpSpringDays 2024, image g\u00e9n\u00e9rique\" class=\"wp-image-942\" style=\"aspect-ratio:3\/2;object-fit:cover\" srcset=\"https:\/\/www.harpemosane.be\/harpspringdays\/wp-content\/uploads\/2024\/05\/2024_04_28_MJH_4250.jpg 1920w, https:\/\/www.harpemosane.be\/harpspringdays\/wp-content\/uploads\/2024\/05\/2024_04_28_MJH_4250-300x200.jpg 300w, https:\/\/www.harpemosane.be\/harpspringdays\/wp-content\/uploads\/2024\/05\/2024_04_28_MJH_4250-1024x682.jpg 1024w, https:\/\/www.harpemosane.be\/harpspringdays\/wp-content\/uploads\/2024\/05\/2024_04_28_MJH_4250-768x512.jpg 768w, https:\/\/www.harpemosane.be\/harpspringdays\/wp-content\/uploads\/2024\/05\/2024_04_28_MJH_4250-1536x1023.jpg 1536w\" sizes=\"(max-width: 1920px) 100vw, 1920px\" \/><\/a><figcaption class=\"wp-element-caption\">HarpSpringDays : r\u00e9p\u00e9tition g\u00e9n\u00e9rale de l&rsquo;Ensemble de Harpes<\/figcaption><\/figure>\n\n\n\n<hr class=\"wp-block-separator has-alpha-channel-opacity\"\/>\n\n\n\n<figure class=\"wp-block-embed is-type-video is-provider-vimeo wp-block-embed-vimeo wp-embed-aspect-16-9 wp-has-aspect-ratio\"><div class=\"wp-block-embed__wrapper\">\n<div class=\"ast-oembed-container \" style=\"height: 100%;\"><iframe loading=\"lazy\" title=\"HarpSpringDays 2024\" src=\"https:\/\/player.vimeo.com\/video\/945554827?dnt=1&amp;app_id=122963\" width=\"500\" height=\"281\" frameborder=\"0\" allow=\"autoplay; fullscreen; picture-in-picture; clipboard-write\"><\/iframe><\/div>\n<\/div><figcaption class=\"wp-element-caption\">HarpSpringDays 2024 : photo-montage de <a href=\"https:\/\/vimeo.com\/mjhvc\">mjhvc<\/a> <br>Collaborations pour s\u00e9quences audio : voir fin<br><a href=\"https:\/\/murena.io\/s\/K4JHFJPDLaX3qMk\">Acc\u00e8s aux photos du montage <\/a><br><a href=\"https:\/\/creativecommons.org\/licenses\/by-sa\/4.0\/deed.fr\">Partage et diffusion des photos autoris\u00e9s, merci de citer l&rsquo;auteur : mjhvc<\/a><\/figcaption><\/figure>\n\n\n\n<hr class=\"wp-block-separator has-alpha-channel-opacity\"\/>\n\n\n\n<h2 class=\"wp-block-heading has-text-align-center\">Rendez-vous en avril 2026<br>au <a href=\"https:\/\/godefroid-harp-competition.be\">Concours International de Harpe F\u00e9lix Godefroid<\/a><\/h2>\n\n\n\n<hr class=\"wp-block-separator has-alpha-channel-opacity\"\/>\n\n\n\n<p class=\"has-text-align-center\"><a href=\"https:\/\/www.godefroid-harp-competition.be\/lequipe-du-concours-godefroid\/\">L&rsquo;\u00e9quipe organisatrice des Harp Spring Days<\/a><br>Aurore Grailet,&nbsp; Sophie Hallynck, Jehanne Piret, Heleen Vandeputte.<\/p>\n","protected":false},"excerpt":{"rendered":"<p>Harp Spring Days 2024 est fini ! Place aux souvenirs. Rendez-vous en avril 2026au Concours International de Harpe F\u00e9lix Godefroid [&hellip;]<\/p>\n","protected":false},"author":1,"featured_media":942,"parent":0,"menu_order":0,"comment_status":"closed","ping_status":"closed","template":"","meta":{"site-sidebar-layout":"default","site-content-layout":"","ast-site-content-layout":"","site-content-style":"default","site-sidebar-style":"default","ast-global-header-display":"","ast-banner-title-visibility":"","ast-main-header-display":"","ast-hfb-above-header-display":"","ast-hfb-below-header-display":"","ast-hfb-mobile-header-display":"","site-post-title":"disabled","ast-breadcrumbs-content":"","ast-featured-img":"","footer-sml-layout":"","theme-transparent-header-meta":"","adv-header-id-meta":"","stick-header-meta":"","header-above-stick-meta":"","header-main-stick-meta":"","header-below-stick-meta":"","astra-migrate-meta-layouts":"default","ast-page-background-enabled":"default","ast-page-background-meta":{"desktop":{"background-color":"var(--ast-global-color-4)","background-image":"","background-repeat":"repeat","background-position":"center center","background-size":"auto","background-attachment":"scroll","background-type":"","background-media":"","overlay-type":"","overlay-color":"","overlay-opacity":"","overlay-gradient":""},"tablet":{"background-color":"","background-image":"","background-repeat":"repeat","background-position":"center center","background-size":"auto","background-attachment":"scroll","background-type":"","background-media":"","overlay-type":"","overlay-color":"","overlay-opacity":"","overlay-gradient":""},"mobile":{"background-color":"","background-image":"","background-repeat":"repeat","background-position":"center center","background-size":"auto","background-attachment":"scroll","background-type":"","background-media":"","overlay-type":"","overlay-color":"","overlay-opacity":"","overlay-gradient":""}},"ast-content-background-meta":{"desktop":{"background-color":"var(--ast-global-color-5)","background-image":"","background-repeat":"repeat","background-position":"center center","background-size":"auto","background-attachment":"scroll","background-type":"","background-media":"","overlay-type":"","overlay-color":"","overlay-opacity":"","overlay-gradient":""},"tablet":{"background-color":"var(--ast-global-color-5)","background-image":"","background-repeat":"repeat","background-position":"center center","background-size":"auto","background-attachment":"scroll","background-type":"","background-media":"","overlay-type":"","overlay-color":"","overlay-opacity":"","overlay-gradient":""},"mobile":{"background-color":"var(--ast-global-color-5)","background-image":"","background-repeat":"repeat","background-position":"center center","background-size":"auto","background-attachment":"scroll","background-type":"","background-media":"","overlay-type":"","overlay-color":"","overlay-opacity":"","overlay-gradient":""}},"footnotes":""},"_links":{"self":[{"href":"https:\/\/www.harpemosane.be\/harpspringdays\/wp-json\/wp\/v2\/pages\/27"}],"collection":[{"href":"https:\/\/www.harpemosane.be\/harpspringdays\/wp-json\/wp\/v2\/pages"}],"about":[{"href":"https:\/\/www.harpemosane.be\/harpspringdays\/wp-json\/wp\/v2\/types\/page"}],"author":[{"embeddable":true,"href":"https:\/\/www.harpemosane.be\/harpspringdays\/wp-json\/wp\/v2\/users\/1"}],"replies":[{"embeddable":true,"href":"https:\/\/www.harpemosane.be\/harpspringdays\/wp-json\/wp\/v2\/comments?post=27"}],"version-history":[{"count":73,"href":"https:\/\/www.harpemosane.be\/harpspringdays\/wp-json\/wp\/v2\/pages\/27\/revisions"}],"predecessor-version":[{"id":976,"href":"https:\/\/www.harpemosane.be\/harpspringdays\/wp-json\/wp\/v2\/pages\/27\/revisions\/976"}],"wp:featuredmedia":[{"embeddable":true,"href":"https:\/\/www.harpemosane.be\/harpspringdays\/wp-json\/wp\/v2\/media\/942"}],"wp:attachment":[{"href":"https:\/\/www.harpemosane.be\/harpspringdays\/wp-json\/wp\/v2\/media?parent=27"}],"curies":[{"name":"wp","href":"https:\/\/api.w.org\/{rel}","templated":true}]}}